{"id":26,"date":"2024-01-15T00:03:30","date_gmt":"2024-01-14T23:03:30","guid":{"rendered":"http:\/\/despiertaosito.com\/index.php\/home\/"},"modified":"2024-01-15T00:03:30","modified_gmt":"2024-01-14T23:03:30","slug":"home","status":"publish","type":"page","link":"https:\/\/despiertaosito.com\/","title":{"rendered":"Home"},"content":{"rendered":"<section class=\"hts-section hts-hero\">\n    <div class=\"hts-hero-spacer\"><\/div>\n    <div class=\"hts-hero-content\">\n        <div class=\"hts-hero-image\">\n            <img decoding=\"async\" src=\"https:\/\/images.unsplash.com\/photo-1455849318743-b2233052fcff?crop=entropy\" alt=\"background\" \/>\n        <\/div>\n        <div class=\"hts-hero-block\">\n            <div class=\"hts-hero-body\">\n                <div class=\"hts-hero-details\">\n                    <div>\n                        <h1>Despierta Osito<\/h1>\n                        <p>\u00danete a nuestro viaje de transformaci\u00f3n personal y descubre una segunda oportunidad en tu vida. Juntos, podemos despertar a un nuevo t\u00fa.<\/p>\n                        <a href=\"https:\/\/despiertaosito.com\/index.php\/about\/\" class=\"btn primary\" >Read more<\/a>\n                    <\/div>\n                    <div class=\"hts-hero-body-image\">\n                        <img decoding=\"async\" src=\"https:\/\/images.unsplash.com\/photo-1455849318743-b2233052fcff?crop=entropy\" alt=\"background\" \/>\n                    <\/div>\n                    <div class=\"hts-hero-footer\">\n                        <div class=\"hts-social\">\n                                                                                                                                        <\/div>\n                        <p class=\"hts-title\">\u00a1Vamos a hacerlo!<\/p>\n                    <\/div>\n                <\/div>\n            <\/div>\n        <\/div>\n    <\/div>\n<\/section><section class=\"hts-section hts-no-border hts-posts hts-featured-post-wrapper\">\n    <div>\n                <div class=\"hts-posts-header\">\n            <h2 class=\"hts-title\">Featured post<\/h2>\n        <\/div>\n                <div class=\"hts-featured-post\">\n            <!-- Post -->\n            <div class=\"hts-post\">\n                <div class=\"hts-image-wrapper\">\n                                        <a href=\"https:\/\/despiertaosito.com\/index.php\/2024\/01\/15\/despierta-osito-un-viaje-hacia-la-transformacion-personal-2\/\" class=\"hts-featured-post-link\">\n                        <img decoding=\"async\" src=\"https:\/\/images.unsplash.com\/photo-1496449903678-68ddcb189a24?crop=entropy\" title=\"Photo by Austin Chan\" alt=\"This is the sign you've been looking for neon signage\">                    <\/a>\n                                        <span class=\"hts-unsplash-data\">Photo by <a href=\"https:\/\/unsplash.com\/@austinchan?utm_source=hostinger&#038;utm_medium=referral\" rel=\"nofollow\">Austin Chan<\/a> on <a href=\"https:\/\/unsplash.com\/?utm_source=hostinger&#038;utm_medium=referral\" rel=\"nofollow\">Unsplash<\/a><\/span>                <\/div>\n                <div class=\"hts-post-details\">\n                    <div class=\"hts-posts-body-header\">\n                        <h2 class=\"hts-title\">Featured post<\/h2>\n                    <\/div>\n                    <div class=\"hts-capsules\">\n                                                                                                                        <a href=\"https:\/\/despiertaosito.com\/index.php\/category\/blog\/\">\n                            <div>Blog<\/div>\n                        <\/a>\n                                                                                            <\/div>\n                                        <a href=\"https:\/\/despiertaosito.com\/index.php\/2024\/01\/15\/despierta-osito-un-viaje-hacia-la-transformacion-personal-2\/\">\n                        <h3 class=\"hts-title\">Despierta Osito: Un viaje hacia la transformaci\u00f3n personal<\/h3>\n                    <\/a>\n                                                            <p class=\"small\">January 15, 2024 | by despiertaosito.com<\/p>\n                                    <\/div>\n            <\/div>\n        <\/div>\n    <\/div>\n<\/section><section class=\"hts-section hts-posts\">\n    <hr class=\"full\">\n    <div>\n        <div class=\"hts-posts-header\">\n            <h2 class=\"hts-title\">Latest posts<\/h2>\n            <a href=\"https:\/\/despiertaosito.com\/index.php\/blog\/\" class=\"hts-posts-action\">\n                <p>View all<\/p>\n                <img decoding=\"async\" src=\"https:\/\/despiertaosito.com\/wp-content\/themes\/hostinger-blog\/build\/images\/icon-arrow-right.svg\" alt=\"view all\">\n            <\/a>\n        <\/div>\n        <div class=\"hts-posts-list\">\n                        <div class=\"hts-post hts-large\">\n                                <div class=\"hts-image-wrapper\">\n                                        <a href=\"https:\/\/despiertaosito.com\/index.php\/2024\/01\/15\/despierta-osito-un-viaje-de-transformacion-personal-3\/\" class=\"hts-featured-post-link\">\n                        <img decoding=\"async\" src=\"https:\/\/images.unsplash.com\/photo-1598065412434-6544dc76f81f?crop=entropy\" title=\"Photo by Brian Garrity\" alt=\"green trees under white sky during daytime\">                    <\/a>\n                                        <span class=\"hts-unsplash-data\">Photo by <a href=\"https:\/\/unsplash.com\/@briangarrityphoto?utm_source=hostinger&#038;utm_medium=referral\" rel=\"nofollow\">Brian Garrity<\/a> on <a href=\"https:\/\/unsplash.com\/?utm_source=hostinger&#038;utm_medium=referral\" rel=\"nofollow\">Unsplash<\/a><\/span>                <\/div>\n                <div class=\"hts-post-details\">\n                    <div class=\"hts-capsules\">\n                                                                                                                        <a href=\"https:\/\/despiertaosito.com\/index.php\/category\/blog\/\">\n                            <div>Blog<\/div>\n                        <\/a>\n                                                                                            <\/div>\n                    <a href=\"https:\/\/despiertaosito.com\/index.php\/2024\/01\/15\/despierta-osito-un-viaje-de-transformacion-personal-3\/\">\n                        <h3 class=\"hts-title\">Despierta Osito: Un Viaje de Transformaci\u00f3n Personal<\/h3>\n                    <\/a>\n                                        <p class=\"small\">January 15, 2024 | by despiertaosito.com<\/p>\n                                    <\/div>\n            <\/div>\n                        <div class=\"hts-post \">\n                                <div class=\"hts-image-wrapper\">\n                                        <a href=\"https:\/\/despiertaosito.com\/index.php\/2024\/01\/15\/despierta-osito-un-viaje-hacia-la-transformacion-personal-3\/\" class=\"hts-featured-post-link\">\n                        <img decoding=\"async\" src=\"https:\/\/images.unsplash.com\/photo-1496449903678-68ddcb189a24?crop=entropy\" title=\"Photo by Austin Chan\" alt=\"This is the sign you've been looking for neon signage\">                    <\/a>\n                                        <span class=\"hts-unsplash-data\">Photo by <a href=\"https:\/\/unsplash.com\/@austinchan?utm_source=hostinger&#038;utm_medium=referral\" rel=\"nofollow\">Austin Chan<\/a> on <a href=\"https:\/\/unsplash.com\/?utm_source=hostinger&#038;utm_medium=referral\" rel=\"nofollow\">Unsplash<\/a><\/span>                <\/div>\n                <div class=\"hts-post-details\">\n                    <div class=\"hts-capsules\">\n                                                                                                                        <a href=\"https:\/\/despiertaosito.com\/index.php\/category\/blog\/\">\n                            <div>Blog<\/div>\n                        <\/a>\n                                                                                            <\/div>\n                    <a href=\"https:\/\/despiertaosito.com\/index.php\/2024\/01\/15\/despierta-osito-un-viaje-hacia-la-transformacion-personal-3\/\">\n                        <h3 class=\"hts-title\">Despierta Osito: Un viaje hacia la transformaci\u00f3n personal<\/h3>\n                    <\/a>\n                                        <p class=\"small\">January 15, 2024 | by despiertaosito.com<\/p>\n                                    <\/div>\n            <\/div>\n                        <div class=\"hts-post \">\n                                <div class=\"hts-image-wrapper\">\n                                        <a href=\"https:\/\/despiertaosito.com\/index.php\/2024\/01\/15\/despierta-osito-un-viaje-hacia-la-transformacion-personal-2\/\" class=\"hts-featured-post-link\">\n                        <img decoding=\"async\" src=\"https:\/\/images.unsplash.com\/photo-1496449903678-68ddcb189a24?crop=entropy\" title=\"Photo by Austin Chan\" alt=\"This is the sign you've been looking for neon signage\">                    <\/a>\n                                        <span class=\"hts-unsplash-data\">Photo by <a href=\"https:\/\/unsplash.com\/@austinchan?utm_source=hostinger&#038;utm_medium=referral\" rel=\"nofollow\">Austin Chan<\/a> on <a href=\"https:\/\/unsplash.com\/?utm_source=hostinger&#038;utm_medium=referral\" rel=\"nofollow\">Unsplash<\/a><\/span>                <\/div>\n                <div class=\"hts-post-details\">\n                    <div class=\"hts-capsules\">\n                                                                                                                        <a href=\"https:\/\/despiertaosito.com\/index.php\/category\/blog\/\">\n                            <div>Blog<\/div>\n                        <\/a>\n                                                                                            <\/div>\n                    <a href=\"https:\/\/despiertaosito.com\/index.php\/2024\/01\/15\/despierta-osito-un-viaje-hacia-la-transformacion-personal-2\/\">\n                        <h3 class=\"hts-title\">Despierta Osito: Un viaje hacia la transformaci\u00f3n personal<\/h3>\n                    <\/a>\n                                        <p class=\"small\">January 15, 2024 | by despiertaosito.com<\/p>\n                                    <\/div>\n            <\/div>\n                        <div class=\"hts-post \">\n                                <div class=\"hts-image-wrapper\">\n                                        <a href=\"https:\/\/despiertaosito.com\/index.php\/2024\/01\/15\/despierta-osito-un-viaje-hacia-la-transformacion-personal\/\" class=\"hts-featured-post-link\">\n                        <img decoding=\"async\" src=\"https:\/\/images.unsplash.com\/photo-1587324452113-26643ba54577?crop=entropy\" title=\"Photo by arianka ibarra\" alt=\"person holding white ceramic bowl with red and yellow beans\">                    <\/a>\n                                        <span class=\"hts-unsplash-data\">Photo by <a href=\"https:\/\/unsplash.com\/@ariankamichelle?utm_source=hostinger&#038;utm_medium=referral\" rel=\"nofollow\">arianka ibarra<\/a> on <a href=\"https:\/\/unsplash.com\/?utm_source=hostinger&#038;utm_medium=referral\" rel=\"nofollow\">Unsplash<\/a><\/span>                <\/div>\n                <div class=\"hts-post-details\">\n                    <div class=\"hts-capsules\">\n                                                                                                                        <a href=\"https:\/\/despiertaosito.com\/index.php\/category\/blog\/\">\n                            <div>Blog<\/div>\n                        <\/a>\n                                                                                            <\/div>\n                    <a href=\"https:\/\/despiertaosito.com\/index.php\/2024\/01\/15\/despierta-osito-un-viaje-hacia-la-transformacion-personal\/\">\n                        <h3 class=\"hts-title\">Despierta Osito: Un viaje hacia la transformaci\u00f3n personal<\/h3>\n                    <\/a>\n                                        <p class=\"small\">January 15, 2024 | by despiertaosito.com<\/p>\n                                    <\/div>\n            <\/div>\n                        <div class=\"hts-post \">\n                                <div class=\"hts-image-wrapper\">\n                                        <a href=\"https:\/\/despiertaosito.com\/index.php\/2024\/01\/15\/despierta-osito-un-viaje-de-transformacion-personal-2\/\" class=\"hts-featured-post-link\">\n                        <img decoding=\"async\" src=\"https:\/\/images.unsplash.com\/photo-1679450314837-60ba60c118ca?crop=entropy\" title=\"Photo by Ahmed Bilal\" alt=\"a group of people standing inside of a building\">                    <\/a>\n                                        <span class=\"hts-unsplash-data\">Photo by <a href=\"https:\/\/unsplash.com\/@ahmed_786?utm_source=hostinger&#038;utm_medium=referral\" rel=\"nofollow\">Ahmed Bilal<\/a> on <a href=\"https:\/\/unsplash.com\/?utm_source=hostinger&#038;utm_medium=referral\" rel=\"nofollow\">Unsplash<\/a><\/span>                <\/div>\n                <div class=\"hts-post-details\">\n                    <div class=\"hts-capsules\">\n                                                                                                                        <a href=\"https:\/\/despiertaosito.com\/index.php\/category\/blog\/\">\n                            <div>Blog<\/div>\n                        <\/a>\n                                                                                            <\/div>\n                    <a href=\"https:\/\/despiertaosito.com\/index.php\/2024\/01\/15\/despierta-osito-un-viaje-de-transformacion-personal-2\/\">\n                        <h3 class=\"hts-title\">Despierta Osito: Un viaje de transformaci\u00f3n personal<\/h3>\n                    <\/a>\n                                        <p class=\"small\">January 15, 2024 | by despiertaosito.com<\/p>\n                                    <\/div>\n            <\/div>\n                        <div class=\"hts-post hts-large\">\n                                <div class=\"hts-image-wrapper\">\n                                        <a href=\"https:\/\/despiertaosito.com\/index.php\/2024\/01\/15\/despierta-osito-un-viaje-de-transformacion-personal\/\" class=\"hts-featured-post-link\">\n                        <img decoding=\"async\" src=\"https:\/\/images.unsplash.com\/photo-1609943610317-28420cf157d4?crop=entropy\" title=\"Photo by Rajesh Rajput\" alt=\"persons hand forming heart\">                    <\/a>\n                                        <span class=\"hts-unsplash-data\">Photo by <a href=\"https:\/\/unsplash.com\/@rrajputphotography?utm_source=hostinger&#038;utm_medium=referral\" rel=\"nofollow\">Rajesh Rajput<\/a> on <a href=\"https:\/\/unsplash.com\/?utm_source=hostinger&#038;utm_medium=referral\" rel=\"nofollow\">Unsplash<\/a><\/span>                <\/div>\n                <div class=\"hts-post-details\">\n                    <div class=\"hts-capsules\">\n                                                                                                                        <a href=\"https:\/\/despiertaosito.com\/index.php\/category\/blog\/\">\n                            <div>Blog<\/div>\n                        <\/a>\n                                                                                            <\/div>\n                    <a href=\"https:\/\/despiertaosito.com\/index.php\/2024\/01\/15\/despierta-osito-un-viaje-de-transformacion-personal\/\">\n                        <h3 class=\"hts-title\">Despierta Osito: Un Viaje de Transformaci\u00f3n Personal<\/h3>\n                    <\/a>\n                                        <p class=\"small\">January 15, 2024 | by despiertaosito.com<\/p>\n                                    <\/div>\n            <\/div>\n                    <\/div>\n    <\/div>\n<\/section><section class=\"hts-section hts-newsletter\">\n\t<hr class=\"full\">\n\t<div class=\"wrapper\">\n\t<div>\n\t\t<h3 class=\"hts-title\">Newsletter<\/h3>\n\t\t<p>Subscribe to stay up-to-date with my latest creative projects, insights, and tips.<\/p>\n\t<\/div>\n\t<div class=\"hts-newsletter-block\">\n\t\t<form>\n\t\t\t<input type=\"hidden\" id=\"newsletter_nonce\" name=\"newsletter_nonce\" value=\"a087728fff\" \/><input type=\"hidden\" name=\"_wp_http_referer\" value=\"\/index.php\/wp-json\/wp\/v2\/pages\/26\" \/>\t\t\t<label for=\"hts-newsletter-email\">Email<\/label>\n\t\t\t<input type=\"email\"\n\t\t\t       id=\"hts-newsletter-email\"\n\t\t\t       name=\"newsletter_email\"\n\t\t\t       placeholder=\"What\u2019s your email?\">\n\t\t\t<div class=\"validate-message\"><\/div>\n\t\t\t<div class=\"hts-privacy-agree\">\n\t\t\t\t<label class=\"hts-form-control\">\n\t\t\t\t<input type=\"checkbox\" id=\"privacy-policy-checkbox\" name=\"privacy_policy\" required>\n\t\t\t\t<\/label>\n\t\t\t\t<span>\n\t\t\t\t\tI consent to use of my email address for the purpose of receiving newsletters as described in <a href=\"\" target=\"_blank\">Privacy Policy<\/a>, which I have read. I may withdraw my consent at any time.\t\t\t\t<\/span>\n\t\t\t<\/div>\n\t\t\t<input type=\"submit\" class=\"btn primary\" value=\"Subscribe\"\/>\n\t\t<\/form>\n\t<\/div>\n\t<\/div>\n<\/section>","protected":false},"excerpt":{"rendered":"","protected":false},"author":1,"featured_media":0,"parent":0,"menu_order":0,"comment_status":"closed","ping_status":"closed","template":"","meta":{"om_disable_all_campaigns":false,"_monsterinsights_skip_tracking":false,"_monsterinsights_sitenote_active":false,"_monsterinsights_sitenote_note":"","_monsterinsights_sitenote_category":0,"footnotes":""},"aioseo_notices":[],"_links":{"self":[{"href":"https:\/\/despiertaosito.com\/index.php\/wp-json\/wp\/v2\/pages\/26"}],"collection":[{"href":"https:\/\/despiertaosito.com\/index.php\/wp-json\/wp\/v2\/pages"}],"about":[{"href":"https:\/\/despiertaosito.com\/index.php\/wp-json\/wp\/v2\/types\/page"}],"author":[{"embeddable":true,"href":"https:\/\/despiertaosito.com\/index.php\/wp-json\/wp\/v2\/users\/1"}],"replies":[{"embeddable":true,"href":"https:\/\/despiertaosito.com\/index.php\/wp-json\/wp\/v2\/comments?post=26"}],"version-history":[{"count":0,"href":"https:\/\/despiertaosito.com\/index.php\/wp-json\/wp\/v2\/pages\/26\/revisions"}],"wp:attachment":[{"href":"https:\/\/despiertaosito.com\/index.php\/wp-json\/wp\/v2\/media?parent=26"}],"curies":[{"name":"wp","href":"https:\/\/api.w.org\/{rel}","templated":true}]}}